{"id":135,"date":"2021-11-09T18:19:53","date_gmt":"2021-11-09T21:19:53","guid":{"rendered":"https:\/\/projetoarteecultura.com.br\/web\/?page_id=135"},"modified":"2022-04-28T17:58:23","modified_gmt":"2022-04-28T20:58:23","slug":"bertioga","status":"publish","type":"page","link":"https:\/\/projetoarteecultura.com.br\/web\/bertioga\/","title":{"rendered":"Bertioga"},"content":{"rendered":"<section class=\"l-section wpb_row height_medium\"><div class=\"l-section-h g-html i-cf\"><div class=\"g-cols offset_small\"><div class=\" one-third\"><div class=\"w-image  align_center\"><a href=\"https:\/\/projetoarteecultura.com.br\/web\/programacao-bertioga\/\" title=\"\" target=\"\" rel=\"\"><img loading=\"lazy\" decoding=\"async\" width=\"399\" height=\"381\" src=\"https:\/\/projetoarteecultura.com.br\/web\/wp-content\/uploads\/2021\/03\/Programa\u00e7\u00e3o-Atra\u00e7\u00f5es.png\" class=\"attachment-full size-full\" alt=\"\" srcset=\"https:\/\/projetoarteecultura.com.br\/web\/wp-content\/uploads\/2021\/03\/Programa\u00e7\u00e3o-Atra\u00e7\u00f5es.png 399w, https:\/\/projetoarteecultura.com.br\/web\/wp-content\/uploads\/2021\/03\/Programa\u00e7\u00e3o-Atra\u00e7\u00f5es-300x286.png 300w\" sizes=\"auto, (max-width: 399px) 100vw, 399px\" \/><\/a><\/div><\/div><div class=\" one-third\"><div class=\"w-image  align_center\"><a href=\"https:\/\/projetoarteecultura.com.br\/web\/oficina-bertioga\/\" title=\"\" target=\"\" rel=\"\"><img loading=\"lazy\" decoding=\"async\" width=\"500\" height=\"477\" src=\"https:\/\/projetoarteecultura.com.br\/web\/wp-content\/uploads\/2022\/04\/Oficina-Cinema.png\" class=\"attachment-full size-full\" alt=\"\" srcset=\"https:\/\/projetoarteecultura.com.br\/web\/wp-content\/uploads\/2022\/04\/Oficina-Cinema.png 500w, https:\/\/projetoarteecultura.com.br\/web\/wp-content\/uploads\/2022\/04\/Oficina-Cinema-300x286.png 300w\" sizes=\"auto, (max-width: 500px) 100vw, 500px\" \/><\/a><\/div><\/div><div class=\" one-third\"><div class=\"w-image  align_center\"><a href=\"https:\/\/projetoarteecultura.com.br\/web\/fotos-bertioga\/\" title=\"\" target=\"\" rel=\"\"><img loading=\"lazy\" decoding=\"async\" width=\"399\" height=\"381\" src=\"https:\/\/projetoarteecultura.com.br\/web\/wp-content\/uploads\/2019\/12\/Fotos.png\" class=\"attachment-full size-full\" alt=\"\" srcset=\"https:\/\/projetoarteecultura.com.br\/web\/wp-content\/uploads\/2019\/12\/Fotos.png 399w, https:\/\/projetoarteecultura.com.br\/web\/wp-content\/uploads\/2019\/12\/Fotos-300x286.png 300w\" sizes=\"auto, (max-width: 399px) 100vw, 399px\" \/><\/a><\/div><\/div><\/div><\/div><\/section><section class=\"l-section wpb_row height_medium\"><div class=\"l-section-h g-html i-cf\"><div class=\"g-cols offset_small\"><div class=\" full-width\"><div class=\"w-image \"><img loading=\"lazy\" decoding=\"async\" width=\"1920\" height=\"535\" src=\"https:\/\/projetoarteecultura.com.br\/web\/wp-content\/uploads\/2021\/11\/Logos-4.png\" class=\"attachment-full size-full\" alt=\"\" srcset=\"https:\/\/projetoarteecultura.com.br\/web\/wp-content\/uploads\/2021\/11\/Logos-4.png 1920w, https:\/\/projetoarteecultura.com.br\/web\/wp-content\/uploads\/2021\/11\/Logos-4-300x84.png 300w, https:\/\/projetoarteecultura.com.br\/web\/wp-content\/uploads\/2021\/11\/Logos-4-1024x285.png 1024w, https:\/\/projetoarteecultura.com.br\/web\/wp-content\/uploads\/2021\/11\/Logos-4-768x214.png 768w\" sizes=\"auto, (max-width: 1920px) 100vw, 1920px\" \/><\/div><\/div><\/div><\/div><\/section>\n","protected":false},"excerpt":{"rendered":"","protected":false},"author":2,"featured_media":0,"parent":0,"menu_order":0,"comment_status":"closed","ping_status":"closed","template":"","meta":{"footnotes":""},"class_list":["post-135","page","type-page","status-publish","hentry"],"_links":{"self":[{"href":"https:\/\/projetoarteecultura.com.br\/web\/wp-json\/wp\/v2\/pages\/135","targetHints":{"allow":["GET"]}}],"collection":[{"href":"https:\/\/projetoarteecultura.com.br\/web\/wp-json\/wp\/v2\/pages"}],"about":[{"href":"https:\/\/projetoarteecultura.com.br\/web\/wp-json\/wp\/v2\/types\/page"}],"author":[{"embeddable":true,"href":"https:\/\/projetoarteecultura.com.br\/web\/wp-json\/wp\/v2\/users\/2"}],"replies":[{"embeddable":true,"href":"https:\/\/projetoarteecultura.com.br\/web\/wp-json\/wp\/v2\/comments?post=135"}],"version-history":[{"count":11,"href":"https:\/\/projetoarteecultura.com.br\/web\/wp-json\/wp\/v2\/pages\/135\/revisions"}],"predecessor-version":[{"id":369,"href":"https:\/\/projetoarteecultura.com.br\/web\/wp-json\/wp\/v2\/pages\/135\/revisions\/369"}],"wp:attachment":[{"href":"https:\/\/projetoarteecultura.com.br\/web\/wp-json\/wp\/v2\/media?parent=135"}],"curies":[{"name":"wp","href":"https:\/\/api.w.org\/{rel}","templated":true}]}}